{"id":49,"date":"2006-01-10T17:07:35","date_gmt":"2006-01-10T16:07:35","guid":{"rendered":"http:\/\/security-planet.de\/?page_id=49"},"modified":"2020-04-08T13:52:12","modified_gmt":"2020-04-08T11:52:12","slug":"about-2","status":"publish","type":"page","link":"https:\/\/cyber-fi.net\/index.php\/about-2\/","title":{"rendered":"About \/ Impressum"},"content":{"rendered":"<blockquote><p>Verantwortlich f\u00fcr diese Seiten ist:<\/p>\n<p>Dipl.-Ing. Karsten Iwen<br \/>\nWilly-Brandt-Allee 31c<br \/>\nD-23554 L\u00fcbeck<br \/>\nTel. 0451-25040011<br \/>\n<a href=\"http:\/\/www.iwen.de\/\">https:\/\/www.iwen.de<\/a><\/p><\/blockquote>\n<h1>About me<\/h1>\n<p><img loading=\"lazy\" decoding=\"async\" class=\"alignnone size-full wp-image-1115\" title=\"Karsten Iwen\" src=\"https:\/\/blog.iwen.de\/wp-content\/uploads\/2009\/02\/cimg3357.jpg\" alt=\"Karsten Iwen\" width=\"640\" height=\"400\" srcset=\"https:\/\/cyber-fi.net\/wp-content\/uploads\/2009\/02\/cimg3357.jpg 640w, https:\/\/cyber-fi.net\/wp-content\/uploads\/2009\/02\/cimg3357-300x188.jpg 300w\" sizes=\"auto, (max-width: 640px) 100vw, 640px\" \/><\/p>\n<p>Als freiberuflicher Trainer und Consultant arbeite ich fast ausschlie\u00dflich im Cisco- Netzwerk- und Security-Umfeld. Nat\u00fcrlich gibt es auch viele andere interessante Bereiche bzw. Hersteller, aber der Cisco-Bereich ist so umfangreich, da\u00df man sich auch schnell verzetteln kann, wenn man sich noch mit anderen Herstellern besch\u00e4ftigen will. Nat\u00fcrlich versuche ich auch im Nicht-Cisco-Umfeld auf dem neuesten Stand zu bleiben.<\/p>\n<p>Ich lerne gerne neue Themen und versuche, zu neu Gelerntem auch immer die Zertifizierungspr\u00fcfung zu absolvieren. Das gew\u00f6hnt man sich als Trainer so an. Meine drei wichtigsten Pr\u00fcfungen waren dabei die CCIEs f\u00fcr Security und Routing\/Switching sowie der CISSP.<\/p>\n<p>Zu meinen Kunden z\u00e4hlen:<\/p>\n<ul>\n<li>verschiedene Cisco Learning Partner f\u00fcr offizielle Cisco-Trainings.<\/li>\n<li>Systemh\u00e4user, die Unterst\u00fctzung ben\u00f6tigen, wenn zu wenig Cisco Know-How vorhanden ist.<\/li>\n<li>Firmen,\n<ul>\n<li>die ihre Netzstruktur und ihre Konfigurationen kontrolliert und bewertet haben m\u00f6chten,<\/li>\n<li>die zwar eine eigene IT-Abteilung haben, aber f\u00fcr spezielle Anforderungen Unterst\u00fctzung ben\u00f6tigen. Dies wird h\u00e4ufig auch in Kombination mit &#8220;Training on the Job&#8221; verwirklicht.<\/li>\n<\/ul>\n<\/li>\n<\/ul>\n<p>\u00dcber folgende Unterst\u00fctzung freue ich mich:<\/p>\n<ul>\n<li>Inhaber einer eigene Webseite d\u00fcrfen gerne einen Link auf meine Seite setzen<\/li>\n<li>Oder die Welt ein klein wenig verbessern: <a href=\"http:\/\/www.kiva.org\/invitedto\/netzwerft\/by\/karsteni\">Unser Kiva-Team sucht auch Verst\u00e4rkung<\/a>.<\/li>\n<li>Weiterhin sind auch Kommentare zu den Beitr\u00e4gen gerne gesehen. So wei\u00df ich, da\u00df sie wenigstens von jemandem bemerkt werden &#8230; \ud83d\ude09<\/li>\n<\/ul>\n<p>Das Bild oben habe ich im Herbst 2007 in Raleigh, NC, USA per Selbstausl\u00f6ser aufgenommen, einen Tag vor meinem dortigen CCIE-Lab (R\/S).<\/p>\n","protected":false},"excerpt":{"rendered":"<p>Verantwortlich f\u00fcr diese Seiten ist: Dipl.-Ing. Karsten Iwen Willy-Brandt-Allee 31c D-23554 L\u00fcbeck Tel. 0451-25040011 https:\/\/www.iwen.de About me Als freiberuflicher Trainer und Consultant arbeite ich fast ausschlie\u00dflich im Cisco- Netzwerk- und Security-Umfeld. Nat\u00fcrlich gibt es auch viele andere interessante Bereiche bzw. Hersteller, aber der Cisco-Bereich ist so umfangreich, da\u00df man sich auch schnell verzetteln kann, wenn <\/p>\n<div class=\"read-more-text\"><a href=\"https:\/\/cyber-fi.net\/index.php\/about-2\/\" class=\"read-more\">continue reading<\/a><\/div>\n","protected":false},"author":3,"featured_media":0,"parent":0,"menu_order":0,"comment_status":"closed","ping_status":"closed","template":"","meta":{"twitterCardType":"","cardImageID":0,"cardImage":"","cardTitle":"","cardDesc":"","cardImageAlt":"","cardPlayer":"","cardPlayerWidth":0,"cardPlayerHeight":0,"cardPlayerStream":"","cardPlayerCodec":"","footnotes":""},"class_list":["post-49","page","type-page","status-publish","hentry"],"_links":{"self":[{"href":"https:\/\/cyber-fi.net\/index.php\/wp-json\/wp\/v2\/pages\/49","targetHints":{"allow":["GET"]}}],"collection":[{"href":"https:\/\/cyber-fi.net\/index.php\/wp-json\/wp\/v2\/pages"}],"about":[{"href":"https:\/\/cyber-fi.net\/index.php\/wp-json\/wp\/v2\/types\/page"}],"author":[{"embeddable":true,"href":"https:\/\/cyber-fi.net\/index.php\/wp-json\/wp\/v2\/users\/3"}],"replies":[{"embeddable":true,"href":"https:\/\/cyber-fi.net\/index.php\/wp-json\/wp\/v2\/comments?post=49"}],"version-history":[{"count":3,"href":"https:\/\/cyber-fi.net\/index.php\/wp-json\/wp\/v2\/pages\/49\/revisions"}],"predecessor-version":[{"id":4888,"href":"https:\/\/cyber-fi.net\/index.php\/wp-json\/wp\/v2\/pages\/49\/revisions\/4888"}],"wp:attachment":[{"href":"https:\/\/cyber-fi.net\/index.php\/wp-json\/wp\/v2\/media?parent=49"}],"curies":[{"name":"wp","href":"https:\/\/api.w.org\/{rel}","templated":true}]}}